{"id":137,"date":"2017-03-09T16:13:11","date_gmt":"2017-03-09T15:13:11","guid":{"rendered":"https:\/\/www.seguinot-bordet.com\/?page_id=137"},"modified":"2022-11-29T14:26:35","modified_gmt":"2022-11-29T13:26:35","slug":"chablis-seguinot-bordet","status":"publish","type":"page","link":"https:\/\/www.seguinot-bordet.com\/en\/chablis-seguinot-bordet\/","title":{"rendered":"Welcome to the Seguinot-Bordet estate"},"content":{"rendered":"<section class=\"wpb-content-wrapper\"><p>[vc_row css_animation=&#8221;&#8221; row_type=&#8221;row&#8221; use_row_as_full_screen_section=&#8221;no&#8221; type=&#8221;full_width&#8221; angled_section=&#8221;no&#8221; text_align=&#8221;left&#8221; background_image_as_pattern=&#8221;without_pattern&#8221; padding_top=&#8221;0&#8243; padding_bottom=&#8221;0&#8243;][vc_column][rev_slider_vc alias=&#8221;homepage-ete&#8221;][\/vc_column][\/vc_row][vc_row css_animation=&#8221;&#8221; row_type=&#8221;row&#8221; use_row_as_full_screen_section=&#8221;no&#8221; type=&#8221;full_width&#8221; angled_section=&#8221;no&#8221; text_align=&#8221;left&#8221; background_image_as_pattern=&#8221;without_pattern&#8221; padding_top=&#8221;0&#8243; padding_bottom=&#8221;0&#8243; transition_delay=&#8221;2500&#8243; el_id=&#8221;chablis&#8221;][vc_column css_animation=&#8221;left-to-right&#8221; width=&#8221;1\/2&#8243; css=&#8221;.vc_custom_1488902210444{padding-top: 40px !important;padding-right: 40px !important;padding-bottom: 40px !important;padding-left: 40px !important;}&#8221;][vc_empty_space height=&#8221;50px&#8221;][vc_column_text]<\/p>\n<h1 style=\"text-align: center;\">\u00a0Invitation to Travel\u2026<\/h1>\n<p>[vc_separator type=&#8217;small&#8217; position=&#8217;center&#8217; color=&#8221; thickness=&#8221; up=&#8221; down=&#8221;][\/vc_column_text][vc_column_text css=&#8221;.vc_custom_1581042909031{padding-top: 50px !important;padding-right: 10% !important;padding-bottom: 50px !important;padding-left: 10% !important;}&#8221;]<\/p>\n<p style=\"text-align: justify;\">Come discover our cellars and our wonderful wines \u2013 vinified and matured with care and respect \u2013 so that they take a place of choice amongst the <strong>best wines in the world.<\/strong>.<\/p>\n<p style=\"text-align: justify;\">Remember that these wines have their own history\u2026 So let them express thet themselveles as they guide you through chablis country.<\/p>\n<p>[\/vc_column_text][vc_empty_space height=&#8221;10px&#8221;][vc_column_text]<\/p>\n<p style=\"text-align: center;\"><a  itemprop=\"url\" href=\"https:\/\/www.seguinot-bordet.com\/en\/seguinot-bordet-estate\/\" target=\"_self\"  class=\"qbutton  large default\" style=\"\">Discover the Estate<\/a><\/p>\n<p>[\/vc_column_text][vc_empty_space height=&#8221;10px&#8221;][\/vc_column][vc_column css_animation=&#8221;right-to-left&#8221; width=&#8221;1\/2&#8243; css=&#8221;.vc_custom_1489062156806{margin-top: 0px !important;margin-right: 0px !important;margin-bottom: 0px !important;margin-left: 0px !important;border-top-width: 0px !important;border-right-width: 0px !important;border-bottom-width: 0px !important;border-left-width: 0px !important;padding-top: 0px !important;padding-right: 0px !important;padding-bottom: 0px !important;padding-left: 0px !important;background-position: center !important;background-repeat: no-repeat !important;background-size: cover !important;}&#8221;][vc_video link=&#8221;https:\/\/youtu.be\/LykG0qduRag&#8221; align=&#8221;center&#8221;][\/vc_column][\/vc_row][vc_row css_animation=&#8221;&#8221; row_type=&#8221;row&#8221; use_row_as_full_screen_section=&#8221;no&#8221; type=&#8221;full_width&#8221; angled_section=&#8221;no&#8221; text_align=&#8221;left&#8221; background_image_as_pattern=&#8221;without_pattern&#8221;][vc_column width=&#8221;1\/2&#8243; offset=&#8221;vc_hidden-sm vc_hidden-xs&#8221; css=&#8221;.vc_custom_1489001543203{padding-right: 3% !important;padding-left: 3% !important;}&#8221;][vc_empty_space height=&#8221;20px&#8221;]<div class='qode_image_gallery_no_space dark highlight_active'><div class='qode_image_gallery_holder' style='height: 500px;'><ul  ><li style = \"opacity: 0.5\" ><div style=\"height: 500px; width:152px;\"><a itemprop=\"url\"  href=\"https:\/\/www.seguinot-bordet.com\/en\/our-chablis-wines\/\"><img itemprop=\"image\" src=\"https:\/\/www.seguinot-bordet.com\/wp-content\/uploads\/2020\/11\/petit-chablis.jpg\" alt=\"\" \/><\/a><\/div><\/li><li style = \"opacity: 0.5\" ><div style=\"height: 500px; width:152px;\"><a itemprop=\"url\"  href=\"https:\/\/www.seguinot-bordet.com\/en\/our-chablis-wines\/\"><img itemprop=\"image\" src=\"https:\/\/www.seguinot-bordet.com\/wp-content\/uploads\/2020\/11\/chablis.jpg\" alt=\"\" \/><\/a><\/div><\/li><li style = \"opacity: 0.5\" ><div style=\"height: 500px; width:152px;\"><a itemprop=\"url\"  href=\"https:\/\/www.seguinot-bordet.com\/en\/our-chablis-wines\/\"><img itemprop=\"image\" src=\"https:\/\/www.seguinot-bordet.com\/wp-content\/uploads\/2020\/11\/chablis-vieilles-vignes.jpg\" alt=\"\" \/><\/a><\/div><\/li><li style = \"opacity: 0.5\" ><div style=\"height: 500px; width:152px;\"><a itemprop=\"url\"  href=\"https:\/\/www.seguinot-bordet.com\/en\/our-chablis-wines\/\"><img itemprop=\"image\" src=\"https:\/\/www.seguinot-bordet.com\/wp-content\/uploads\/2020\/11\/chablis-vaillons.jpg\" alt=\"\" \/><\/a><\/div><\/li><li style = \"opacity: 0.5\" ><div style=\"height: 500px; width:152px;\"><a itemprop=\"url\"  href=\"https:\/\/www.seguinot-bordet.com\/en\/our-chablis-wines\/\"><img itemprop=\"image\" src=\"https:\/\/www.seguinot-bordet.com\/wp-content\/uploads\/2020\/11\/chablis-fourchaume.jpg\" alt=\"\" \/><\/a><\/div><\/li><li style = \"opacity: 0.5\" ><div style=\"height: 500px; width:152px;\"><a itemprop=\"url\"  href=\"https:\/\/www.seguinot-bordet.com\/en\/our-chablis-wines\/\"><img itemprop=\"image\" src=\"https:\/\/www.seguinot-bordet.com\/wp-content\/uploads\/2020\/11\/chablis-vaudesir.jpg\" alt=\"\" \/><\/a><\/div><\/li><li style = \"opacity: 0.5\" ><div style=\"height: 500px; width:152px;\"><a itemprop=\"url\"  href=\"https:\/\/www.seguinot-bordet.com\/en\/our-chablis-wines\/\"><img itemprop=\"image\" src=\"https:\/\/www.seguinot-bordet.com\/wp-content\/uploads\/2022\/11\/chablis-les-preuses.jpg\" alt=\"\" \/><\/a><\/div><\/li><\/ul><\/div><div class=\"controls\"><a class=\"prev-slide\" href=\"#\"><span><i class=\"fa fa-angle-left\"><\/i><\/span><\/a><a class=\"next-slide\" href=\"#\"><span><i class=\"fa fa-angle-right\"><\/i><\/span><\/a><\/div><\/div>[vc_empty_space height=&#8221;20px&#8221;][\/vc_column][vc_column width=&#8221;1\/2&#8243;][vc_empty_space height=&#8221;75px&#8221;][vc_column_text]<\/p>\n<h1 style=\"text-align: center;\">Our Chablis Wines<\/h1>\n<p>[vc_separator type=&#8217;small&#8217; position=&#8217;center&#8217; color=&#8221; thickness=&#8221; up=&#8221; down=&#8217;0&#8242;][\/vc_column_text][vc_column_text css=&#8221;.vc_custom_1488965383810{padding-top: 50px !important;padding-right: 10% !important;padding-bottom: 50px !important;padding-left: 10% !important;}&#8221;]<blockquote class='' style='width: 100%%;'><h5 class='blockquote-text' style=' line-height: undefinedpx;'>Des Chablis de Race,<\/h5><\/blockquote><blockquote class='' style='width: 100%%;'><h5 class='blockquote-text' style=' line-height: undefinedpx;'>des Chablis de Coeur.<\/h5><\/blockquote>[\/vc_column_text][vc_column_text]<\/p>\n<p style=\"text-align: center;\"><a  itemprop=\"url\" href=\"https:\/\/www.seguinot-bordet.com\/en\/our-chablis-wines\/\" target=\"_self\"  class=\"qbutton  large default\" style=\"\">Discover our Chablis Wines<\/a><\/p>\n<p>[\/vc_column_text][vc_empty_space height=&#8221;10px&#8221;][\/vc_column][\/vc_row][vc_row css_animation=&#8221;&#8221; row_type=&#8221;row&#8221; use_row_as_full_screen_section=&#8221;no&#8221; type=&#8221;full_width&#8221; angled_section=&#8221;no&#8221; text_align=&#8221;left&#8221; background_image_as_pattern=&#8221;without_pattern&#8221; padding_top=&#8221;0&#8243; padding_bottom=&#8221;0&#8243; transition_delay=&#8221;5000&#8243; css=&#8221;.vc_custom_1505205138546{background-color: #dbd4c7 !important;}&#8221;][vc_column css_animation=&#8221;right-to-left&#8221; width=&#8221;1\/2&#8243; css=&#8221;.vc_custom_1496734750915{margin: 0px !important;border-width: 0px !important;padding: 40px !important;background-position: center !important;background-repeat: no-repeat !important;background-size: cover !important;}&#8221;][vc_empty_space height=&#8221;50px&#8221;][vc_column_text]<\/p>\n<h1 style=\"text-align: center; color: #111;\">Follow our News<\/h1>\n<p>[vc_separator type=&#8217;small&#8217; position=&#8217;center&#8217; color=&#8217;#eee&#8217; thickness=&#8221; up=&#8221; down=&#8221;][\/vc_column_text][vc_empty_space height=&#8221;50px&#8221;][vc_column_text]<\/p>\n<p style=\"text-align: center;\">Join us on our facebook page to follow our latest news !<\/p>\n<p>[\/vc_column_text][vc_empty_space height=&#8221;50px&#8221;][vc_column_text]<\/p>\n<p style=\"text-align: center;\"><a  itemprop=\"url\" href=\"https:\/\/www.facebook.com\/SeguinotBordet\/\" target=\"_self\"  class=\"qbutton  large default\" style=\"\">fb.com\/SeguinotBordet<\/a><\/p>\n<p>[\/vc_column_text][vc_empty_space height=&#8221;10px&#8221;][\/vc_column][vc_column width=&#8221;1\/2&#8243;][vc_video link=&#8221;https:\/\/youtu.be\/dVRokB_w4Bg&#8221; align=&#8221;center&#8221;][\/vc_column][\/vc_row][vc_row row_type=&#8221;parallax&#8221; parallax_content_width=&#8221;full_width&#8221; text_align=&#8221;left&#8221; background_image=&#8221;19&#8243; full_screen_section_height=&#8221;no&#8221;][vc_column][vc_row_inner row_type=&#8221;row&#8221; type=&#8221;full_width&#8221; text_align=&#8221;left&#8221; css_animation=&#8221;element_from_fade&#8221; transition_delay=&#8221;500&#8243; el_class=&#8221;.contacttop&#8221;][vc_column_inner width=&#8221;1\/3&#8243;][vc_empty_space height=&#8221;10px&#8221;][\/vc_column_inner][vc_column_inner width=&#8221;1\/3&#8243; css=&#8221;.vc_custom_1488924767306{background-color: #ffffff !important;}&#8221;][vc_single_image image=&#8221;11&#8243; img_size=&#8221;full&#8221; alignment=&#8221;center&#8221; qode_css_animation=&#8221;&#8221; css=&#8221;.vc_custom_1489062366260{padding-right: 10% !important;padding-left: 10% !important;}&#8221;][vc_empty_space height=&#8221;10px&#8221;][vc_separator type=&#8221;small&#8221; position=&#8221;center&#8221;][vc_empty_space height=&#8221;10px&#8221;][vc_column_text]<\/p>\n<p style=\"text-align: center;\">8, Chemin Des H\u00e2tes<br \/>\n89800 MALIGNY<br \/>\nCHABLIS \u2013 FRANCE<\/p>\n<p>[\/vc_column_text][vc_empty_space height=&#8221;10px&#8221;]<span data-type=\"normal\"  class=\"qode_icon_shortcode  q_font_awsome_icon fa-2x pull-center \" style=\" \"><i class=\"qode_icon_font_awesome fa fa-phone qode_icon_element\" style=\"color: #222222;\" ><\/i><\/span><div class=\"q_counter_holder  center\" style=\"\"><span class=\"counter  random\" style=\"\">+33.386.474.442<\/span><\/div>[vc_empty_space height=&#8221;10px&#8221;]<span data-type=\"normal\"  class=\"qode_icon_shortcode  q_font_awsome_icon fa-2x pull-center \" style=\" \"><a  itemprop=\"url\" href=\"https:\/\/www.facebook.com\/Domaine-S\u00e9guinot-Bordet-826227187423765\/\" target=\"_blank\"><i class=\"qode_icon_font_awesome fa fa-facebook qode_icon_element\" style=\"color: #004089;\" ><\/i><\/a><\/span>[vc_empty_space height=&#8221;10px&#8221;][vc_separator type=&#8221;small&#8221; position=&#8221;center&#8221;][vc_empty_space height=&#8221;10px&#8221;][vc_column_text]<\/p>\n<header>\n<h3 class=\"widget-title\" style=\"text-align: center;\"><span style=\"text-decoration: underline;\">GPS<\/span><\/h3>\n<p>&nbsp;<\/p>\n<\/header>\n<p>[\/vc_column_text]<div class=\"q_counter_holder  center\" style=\"\"><span class=\"counter  random\" style=\"\">N47\u00b052.258\u2032<\/span><\/div>[vc_empty_space height=&#8221;1px&#8221;]<div class=\"q_counter_holder  center\" style=\"\"><span class=\"counter  random\" style=\"\">E003\u00b046.212\u2032<\/span><\/div>[vc_empty_space height=&#8221;1px&#8221;][vc_separator type=&#8221;small&#8221; position=&#8221;center&#8221;][vc_empty_space height=&#8221;10px&#8221;][vc_column_text]<\/p>\n<header>\n<h3 class=\"widget-title\" style=\"text-align: center;\"><span style=\"text-decoration: underline;\">Opening Hours<\/span><\/h3>\n<p>&nbsp;<\/p>\n<\/header>\n<div class=\"textwidget\">\n<p style=\"text-align: center;\"><strong>From Monday to Friday<\/strong>\u00a0:<br \/>\nFrom 8 H to 12 H<br \/>\n&amp; 13 H 30 to 17 H 30<br \/>\n<strong>Saturday<\/strong>\u00a0:<br \/>\nBy Appointment only<\/p>\n<\/div>\n<p>[\/vc_column_text][vc_empty_space height=&#8221;10px&#8221;][vc_separator type=&#8221;small&#8221; position=&#8221;center&#8221;][vc_empty_space height=&#8221;10px&#8221;][vc_column_text]<\/p>\n<header>\n<h3 class=\"widget-title\" style=\"text-align: center;\"><span style=\"text-decoration: underline;\">Annual Closure<\/span><\/h3>\n<p>&nbsp;<\/p>\n<\/header>\n<div class=\"textwidget\">\n<p style=\"text-align: center;\"><strong>Summer<\/strong>\u00a0:<br \/>\nFrom August 14 to September 3<\/p>\n<p style=\"text-align: center;\"><strong>Winter<\/strong>\u00a0:<br \/>\nFrom December 23 to January 3<\/p>\n<\/div>\n<p>[\/vc_column_text][vc_empty_space height=&#8221;10px&#8221;][vc_separator type=&#8221;small&#8221; position=&#8221;center&#8221;][vc_empty_space height=&#8221;10px&#8221;][\/vc_column_inner][vc_column_inner width=&#8221;1\/3&#8243;][vc_empty_space height=&#8221;10px&#8221;][\/vc_column_inner][\/vc_row_inner][vc_row_inner row_type=&#8221;row&#8221; type=&#8221;full_width&#8221; text_align=&#8221;left&#8221; css_animation=&#8221;&#8221; el_class=&#8221;.contactbottom&#8221; css=&#8221;.vc_custom_1488925161338{background-color: #ffffff !important;}&#8221;][vc_column_inner][vc_empty_space height=&#8221;10px&#8221;][vc_column_text]<\/p>\n<p style=\"text-align: center; font-size: 13px;\">ALCOHOL ABUSE IS DANGEROUS FOR YOUR HEALTH, CONSUME IN MODERATION<\/p>\n<p style=\"text-align: center; font-size: 11px;\">Copyright \u00a9 2012-2022 Domaine Seguinot-Bordet &#8211; Propri\u00e9taire R\u00e9coltant de Chablis \u00e0 Maligny<\/p>\n<p>[\/vc_column_text][vc_empty_space height=&#8221;10px&#8221;][\/vc_column_inner][\/vc_row_inner][\/vc_column][\/vc_row][vc_row css_animation=&#8221;&#8221; row_type=&#8221;row&#8221; use_row_as_full_screen_section=&#8221;no&#8221; type=&#8221;full_width&#8221; angled_section=&#8221;no&#8221; text_align=&#8221;left&#8221; background_image_as_pattern=&#8221;without_pattern&#8221;][vc_column][vc_empty_space height=&#8221;10px&#8221; css=&#8221;.vc_custom_1488927887841{background-color: #222222 !important;}&#8221;][\/vc_column][\/vc_row]<\/p>\n<\/section>","protected":false},"excerpt":{"rendered":"<p>[vc_row css_animation=&#8221;&#8221; row_type=&#8221;row&#8221; use_row_as_full_screen_section=&#8221;no&#8221; type=&#8221;full_width&#8221; angled_section=&#8221;no&#8221; text_align=&#8221;left&#8221; background_image_as_pattern=&#8221;without_pattern&#8221; padding_top=&#8221;0&#8243; padding_bottom=&#8221;0&#8243;][vc_column][rev_slider_vc alias=&#8221;homepage-ete&#8221;][\/vc_column][\/vc_row][vc_row css_animation=&#8221;&#8221; row_type=&#8221;row&#8221; use_row_as_full_screen_section=&#8221;no&#8221; type=&#8221;full_width&#8221; angled_section=&#8221;no&#8221; text_align=&#8221;left&#8221; background_image_as_pattern=&#8221;without_pattern&#8221; padding_top=&#8221;0&#8243; padding_bottom=&#8221;0&#8243; transition_delay=&#8221;2500&#8243; el_id=&#8221;chablis&#8221;][vc_column css_animation=&#8221;left-to-right&#8221; width=&#8221;1\/2&#8243; css=&#8221;.vc_custom_1488902210444{padding-top: 40px !important;padding-right: 40px !important;padding-bottom: 40px !important;padding-left: 40px !important;}&#8221;][vc_empty_space height=&#8221;50px&#8221;][vc_column_text] \u00a0Invitation to Travel\u2026 [vc_separator type=&#8217;small&#8217; position=&#8217;center&#8217; color=&#8221; thickness=&#8221; up=&#8221; down=&#8221;][\/vc_column_text][vc_column_text css=&#8221;.vc_custom_1581042909031{padding-top:&#8230;<\/p>\n","protected":false},"author":1,"featured_media":0,"parent":0,"menu_order":0,"comment_status":"closed","ping_status":"open","template":"full_width.php","meta":[],"_links":{"self":[{"href":"https:\/\/www.seguinot-bordet.com\/en\/wp-json\/wp\/v2\/pages\/137"}],"collection":[{"href":"https:\/\/www.seguinot-bordet.com\/en\/wp-json\/wp\/v2\/pages"}],"about":[{"href":"https:\/\/www.seguinot-bordet.com\/en\/wp-json\/wp\/v2\/types\/page"}],"author":[{"embeddable":true,"href":"https:\/\/www.seguinot-bordet.com\/en\/wp-json\/wp\/v2\/users\/1"}],"replies":[{"embeddable":true,"href":"https:\/\/www.seguinot-bordet.com\/en\/wp-json\/wp\/v2\/comments?post=137"}],"version-history":[{"count":26,"href":"https:\/\/www.seguinot-bordet.com\/en\/wp-json\/wp\/v2\/pages\/137\/revisions"}],"predecessor-version":[{"id":501,"href":"https:\/\/www.seguinot-bordet.com\/en\/wp-json\/wp\/v2\/pages\/137\/revisions\/501"}],"wp:attachment":[{"href":"https:\/\/www.seguinot-bordet.com\/en\/wp-json\/wp\/v2\/media?parent=137"}],"curies":[{"name":"wp","href":"https:\/\/api.w.org\/{rel}","templated":true}]}}