{"id":142,"date":"2017-03-09T16:16:58","date_gmt":"2017-03-09T15:16:58","guid":{"rendered":"https:\/\/www.seguinot-bordet.com\/?page_id=142\/"},"modified":"2022-11-28T20:03:26","modified_gmt":"2022-11-28T19:03:26","slug":"seguinot-bordet-estate","status":"publish","type":"page","link":"https:\/\/www.seguinot-bordet.com\/en\/seguinot-bordet-estate\/","title":{"rendered":"Seguinot-Bordet Estate"},"content":{"rendered":"<section class=\"wpb-content-wrapper\"><p>[vc_row css_animation=&#8221;&#8221; row_type=&#8221;row&#8221; use_row_as_full_screen_section=&#8221;no&#8221; type=&#8221;full_width&#8221; angled_section=&#8221;no&#8221; text_align=&#8221;left&#8221; background_image_as_pattern=&#8221;without_pattern&#8221; padding_top=&#8221;0&#8243; padding_bottom=&#8221;0&#8243; css=&#8221;.vc_custom_1489063174706{background-image: url(https:\/\/www.seguinot-bordet.com\/wp-content\/uploads\/2017\/03\/top-domaine.jpg?id=30) !important;background-position: center !important;background-repeat: no-repeat !important;background-size: cover !important;}&#8221;][vc_column][vc_empty_space height=&#8221;600px&#8221;][\/vc_column][\/vc_row][vc_row css_animation=&#8221;&#8221; row_type=&#8221;row&#8221; use_row_as_full_screen_section=&#8221;no&#8221; type=&#8221;full_width&#8221; angled_section=&#8221;no&#8221; text_align=&#8221;left&#8221; background_image_as_pattern=&#8221;without_pattern&#8221; padding_top=&#8221;0&#8243; padding_bottom=&#8221;0&#8243; transition_delay=&#8221;2500&#8243; el_id=&#8221;chablis&#8221;][vc_column css_animation=&#8221;left-to-right&#8221; width=&#8221;1\/2&#8243; css=&#8221;.vc_custom_1488902210444{padding-top: 40px !important;padding-right: 40px !important;padding-bottom: 40px !important;padding-left: 40px !important;}&#8221;][vc_empty_space height=&#8221;50px&#8221;][vc_column_text]<\/p>\n<h1 style=\"text-align: center;\">Tradition and Innovation<\/h1>\n<p>[vc_separator type=&#8217;small&#8217; position=&#8217;center&#8217; color=&#8221; thickness=&#8221; up=&#8221; down=&#8221;][\/vc_column_text][vc_empty_space height=&#8221;10px&#8221;]<blockquote class='' style=''><h5 class='blockquote-text' style=''>Between Past &amp; Present<\/h5><\/blockquote>[vc_column_text css=&#8221;.vc_custom_1489147910428{padding-top: 10px !important;padding-right: 10% !important;padding-bottom: 20px !important;padding-left: 10% !important;}&#8221;]<\/p>\n<p style=\"text-align: justify;\">The Seguinot family\u2019s roots in Maligny, the front door to Chablis, can be traced as far back as 1590 when they began to write their history.<\/p>\n<p>[\/vc_column_text][vc_empty_space height=&#8221;10px&#8221;][\/vc_column][vc_column css_animation=&#8221;right-to-left&#8221; width=&#8221;1\/2&#8243; css=&#8221;.vc_custom_1489065245893{margin-top: 0px !important;margin-right: 0px !important;margin-bottom: 0px !important;margin-left: 0px !important;border-top-width: 0px !important;border-right-width: 0px !important;border-bottom-width: 0px !important;border-left-width: 0px !important;padding-top: 0px !important;padding-right: 0px !important;padding-bottom: 0px !important;padding-left: 0px !important;background-image: url(https:\/\/www.seguinot-bordet.com\/wp-content\/uploads\/2017\/03\/domaine-tradition-chablis.jpg?id=112) !important;background-position: center !important;background-repeat: no-repeat !important;background-size: cover !important;}&#8221;][vc_empty_space height=&#8221;500px&#8221;][\/vc_column][\/vc_row][vc_row css_animation=&#8221;&#8221; row_type=&#8221;row&#8221; use_row_as_full_screen_section=&#8221;no&#8221; type=&#8221;full_width&#8221; angled_section=&#8221;no&#8221; text_align=&#8221;left&#8221; background_image_as_pattern=&#8221;without_pattern&#8221;][vc_column width=&#8221;1\/2&#8243; offset=&#8221;vc_hidden-sm vc_hidden-xs&#8221; css=&#8221;.vc_custom_1489065264867{background-image: url(https:\/\/www.seguinot-bordet.com\/wp-content\/uploads\/2017\/03\/galerie-seguinot-bordet-2017-32.jpg?id=90) !important;background-position: center !important;background-repeat: no-repeat !important;background-size: cover !important;}&#8221;][vc_empty_space height=&#8221;500px&#8221;][\/vc_column][vc_column width=&#8221;1\/2&#8243;][vc_empty_space height=&#8221;75px&#8221;][vc_column_text]<\/p>\n<h1 style=\"text-align: center;\">Our Vines<\/h1>\n<p>[vc_separator type=&#8217;small&#8217; position=&#8217;center&#8217; color=&#8221; thickness=&#8221; up=&#8221; down=&#8217;0&#8242;][\/vc_column_text][vc_column_text css=&#8221;.vc_custom_1489072987960{padding-top: 50px !important;padding-right: 10% !important;padding-bottom: 10px !important;padding-left: 10% !important;}&#8221;]<\/p>\n<p style=\"text-align: justify;\">Resting on the sloping right bank of the serein river, 16 hectares lie on a perfect south \/ south-east exposition.<\/p>\n<p>[\/vc_column_text][vc_empty_space height=&#8221;10px&#8221;]<blockquote class='' style=''><h5 class='blockquote-text' style=''>The Right Bank Of The Serein<\/h5><\/blockquote>[vc_column_text css=&#8221;.vc_custom_1489073057414{padding-top: 10px !important;padding-right: 10% !important;padding-bottom: 20px !important;padding-left: 10% !important;}&#8221;]<\/p>\n<p style=\"text-align: justify;\">Historical site of the birth of Chablis. Rich soils from The Kimmerridgian give our wines their specificity and unique \u201ciodine\u201d character. This maritime origin gives our wines a specific iodine character, genuine and inimitable typicity.<\/p>\n<p>[\/vc_column_text][vc_empty_space height=&#8221;10px&#8221;][\/vc_column][\/vc_row][vc_row css_animation=&#8221;&#8221; row_type=&#8221;row&#8221; use_row_as_full_screen_section=&#8221;no&#8221; type=&#8221;full_width&#8221; angled_section=&#8221;no&#8221; text_align=&#8221;left&#8221; background_image_as_pattern=&#8221;without_pattern&#8221; padding_top=&#8221;0&#8243; padding_bottom=&#8221;0&#8243; transition_delay=&#8221;5000&#8243; css=&#8221;.vc_custom_1488911335011{background-color: #dbd4c7 !important;}&#8221;][vc_column css_animation=&#8221;right-to-left&#8221; css=&#8221;.vc_custom_1489046796539{padding-top: 10px !important;padding-right: 40px !important;padding-bottom: 10px !important;padding-left: 40px !important;}&#8221;][vc_empty_space height=&#8221;30px&#8221;]<blockquote class='' style=''><h5 class='blockquote-text' style=''>Winemaker, A Real Job<\/h5><\/blockquote>[vc_column_text css=&#8221;.vc_custom_1489073127074{padding-top: 50px !important;padding-right: 10% !important;padding-bottom: 50px !important;padding-left: 10% !important;}&#8221;]<\/p>\n<p style=\"text-align: justify;\">Come see our vines, tightly planted, from rigorous family and massal selections (the oldest have the venerable age of my grand father\u2019s)They are lovingly planted with an eco-friendly respect of the balance of nature. Come visit in the winter, when they rest and we plough\u2026 Come visit in the spring, when we prune and debud\u2026 Come visit in the summer to see them grow and burst with sap\u2026 Come visit during harvest, in the happy and festive atmosphere of picking ripe grapes, and watch the marvelous juice which runs like gold which has emprisonned the rays of sunshine. Just before it slowly starts humming while fermenting\u2026 Come and visit us !<\/p>\n<p>[\/vc_column_text][vc_empty_space height=&#8221;10px&#8221;][\/vc_column][\/vc_row][vc_row css_animation=&#8221;&#8221; row_type=&#8221;row&#8221; use_row_as_full_screen_section=&#8221;no&#8221; type=&#8221;full_width&#8221; angled_section=&#8221;no&#8221; text_align=&#8221;left&#8221; background_image_as_pattern=&#8221;without_pattern&#8221; padding_top=&#8221;0&#8243; padding_bottom=&#8221;0&#8243; transition_delay=&#8221;5000&#8243; css=&#8221;.vc_custom_1606228063560{background-color: #ffffff !important;}&#8221;][vc_column css_animation=&#8221;right-to-left&#8221; css=&#8221;.vc_custom_1606229514392{padding-top: 10px !important;padding-right: 40px !important;padding-bottom: 10px !important;padding-left: 40px !important;}&#8221;][vc_empty_space height=&#8221;10px&#8221;]<blockquote class='' style=''><h5 class='blockquote-text' style=''>High Environmental Value Certification<\/h5><\/blockquote>[vc_empty_space height=&#8221;10px&#8221;][vc_row_inner row_type=&#8221;row&#8221; type=&#8221;grid&#8221; text_align=&#8221;left&#8221; css_animation=&#8221;&#8221;][vc_column_inner width=&#8221;1\/6&#8243;][vc_empty_space height=&#8221;10px&#8221;][\/vc_column_inner][vc_column_inner width=&#8221;1\/3&#8243;][vc_single_image image=&#8221;277&#8243; img_size=&#8221;full&#8221; alignment=&#8221;center&#8221; onclick=&#8221;link_image&#8221; qode_css_animation=&#8221;&#8221;][\/vc_column_inner][vc_column_inner width=&#8221;1\/3&#8243;][vc_empty_space height=&#8221;50px&#8221;][vc_column_text css=&#8221;.vc_custom_1606229913177{padding-top: 50px !important;padding-right: 10% !important;padding-bottom: 50px !important;padding-left: 10% !important;}&#8221;]<\/p>\n<p style=\"text-align: left;\">\u2018<strong><em>\u2019natus est uva in terra<\/em><\/strong><br \/>\n<strong><em>homo factus est vinum<\/em><\/strong>\u2019\u2019<\/p>\n<p style=\"text-align: left;\">The respect of environment,<br \/>\nit is a matter of ethics,<br \/>\nthat neither the laws, decrees, multiple and various orders<br \/>\nwill manage to regulate<br \/>\nrespect for nature is a family process,<br \/>\nif your father, your grandfather and all those before,<br \/>\ninstilled it in you, it became a legacy<br \/>\nand it becomes a code of honor<br \/>\nat the Domaine we know what Nature gives us<br \/>\nand all we owe him !<br \/>\nSo we respect her and say &#8211; Thank you !<br \/>\nSome say it &#8211; but we do it !<\/p>\n<p style=\"text-align: left;\">\u2018\u2019<strong><em>de la terre na\u00eet le raisin<\/em><\/strong><br \/>\n<strong><em>l\u2019homme fait le vin\u00a0!<\/em><\/strong>\u2019\u2019<\/p>\n<p>[\/vc_column_text][vc_empty_space height=&#8221;10px&#8221;][\/vc_column_inner][vc_column_inner width=&#8221;1\/6&#8243;][vc_empty_space height=&#8221;10px&#8221;][\/vc_column_inner][\/vc_row_inner][vc_empty_space height=&#8221;30px&#8221;][\/vc_column][\/vc_row][vc_row row_type=&#8221;parallax&#8221; parallax_content_width=&#8221;full_width&#8221; text_align=&#8221;left&#8221; background_image=&#8221;19&#8243; full_screen_section_height=&#8221;no&#8221;][vc_column][vc_row_inner row_type=&#8221;row&#8221; type=&#8221;full_width&#8221; text_align=&#8221;left&#8221; css_animation=&#8221;element_from_fade&#8221; transition_delay=&#8221;500&#8243; el_class=&#8221;.contacttop&#8221;][vc_column_inner width=&#8221;1\/3&#8243;][vc_empty_space height=&#8221;10px&#8221;][\/vc_column_inner][vc_column_inner width=&#8221;1\/3&#8243; css=&#8221;.vc_custom_1488924767306{background-color: #ffffff !important;}&#8221;][vc_single_image image=&#8221;11&#8243; img_size=&#8221;full&#8221; alignment=&#8221;center&#8221; qode_css_animation=&#8221;&#8221; css=&#8221;.vc_custom_1489062366260{padding-right: 10% !important;padding-left: 10% !important;}&#8221;][vc_empty_space height=&#8221;10px&#8221;][vc_separator type=&#8221;small&#8221; position=&#8221;center&#8221;][vc_empty_space height=&#8221;10px&#8221;][vc_column_text]<\/p>\n<p style=\"text-align: center;\">8, Chemin Des H\u00e2tes<br \/>\n89800 MALIGNY<br \/>\nCHABLIS \u2013 FRANCE<\/p>\n<p>[\/vc_column_text][vc_empty_space height=&#8221;10px&#8221;]<span data-type=\"normal\"  class=\"qode_icon_shortcode  q_font_awsome_icon fa-2x pull-center \" style=\" \"><i class=\"qode_icon_font_awesome fa fa-phone qode_icon_element\" style=\"color: #222222;\" ><\/i><\/span><div class=\"q_counter_holder  center\" style=\"\"><span class=\"counter  random\" style=\"\">+33.386.474.442<\/span><\/div>[vc_empty_space height=&#8221;10px&#8221;]<span data-type=\"normal\"  class=\"qode_icon_shortcode  q_font_awsome_icon fa-2x pull-center \" style=\" \"><a  itemprop=\"url\" href=\"https:\/\/www.facebook.com\/Domaine-S\u00e9guinot-Bordet-826227187423765\/\" target=\"_blank\"><i class=\"qode_icon_font_awesome fa fa-facebook qode_icon_element\" style=\"color: #004089;\" ><\/i><\/a><\/span>[vc_empty_space height=&#8221;10px&#8221;][vc_separator type=&#8221;small&#8221; position=&#8221;center&#8221;][vc_empty_space height=&#8221;10px&#8221;][vc_column_text]<\/p>\n<header>\n<h3 class=\"widget-title\" style=\"text-align: center;\"><span style=\"text-decoration: underline;\">GPS<\/span><\/h3>\n<p>&nbsp;<\/p>\n<\/header>\n<p>[\/vc_column_text]<div class=\"q_counter_holder  center\" style=\"\"><span class=\"counter  random\" style=\"\">N47\u00b052.258\u2032<\/span><\/div>[vc_empty_space height=&#8221;1px&#8221;]<div class=\"q_counter_holder  center\" style=\"\"><span class=\"counter  random\" style=\"\">E003\u00b046.212\u2032<\/span><\/div>[vc_empty_space height=&#8221;1px&#8221;][vc_separator type=&#8221;small&#8221; position=&#8221;center&#8221;][vc_empty_space height=&#8221;10px&#8221;][vc_column_text]<\/p>\n<header>\n<h3 class=\"widget-title\" style=\"text-align: center;\"><span style=\"text-decoration: underline;\">Opening Hours<\/span><\/h3>\n<p>&nbsp;<\/p>\n<\/header>\n<div class=\"textwidget\">\n<p style=\"text-align: center;\"><strong>From Monday to Friday<\/strong>\u00a0:<br \/>\nFrom 8 H to 12 H<br \/>\n&amp; 13 H 30 to 17 H 30<br \/>\n<strong>Saturday<\/strong>\u00a0:<br \/>\nBy Appointment only<\/p>\n<\/div>\n<p>[\/vc_column_text][vc_empty_space height=&#8221;10px&#8221;][vc_separator type=&#8221;small&#8221; position=&#8221;center&#8221;][vc_empty_space height=&#8221;10px&#8221;][vc_column_text]<\/p>\n<header>\n<h3 class=\"widget-title\" style=\"text-align: center;\"><span style=\"text-decoration: underline;\">Annual Closure<\/span><\/h3>\n<p>&nbsp;<\/p>\n<\/header>\n<div class=\"textwidget\">\n<p style=\"text-align: center;\"><strong>Summer<\/strong>\u00a0:<br \/>\nFrom August 14 to September 3<\/p>\n<p style=\"text-align: center;\"><strong>Winter<\/strong>\u00a0:<br \/>\nFrom December 23 to January 3<\/p>\n<\/div>\n<p>[\/vc_column_text][vc_empty_space height=&#8221;10px&#8221;][vc_separator type=&#8221;small&#8221; position=&#8221;center&#8221;][vc_empty_space height=&#8221;10px&#8221;][\/vc_column_inner][vc_column_inner width=&#8221;1\/3&#8243;][vc_empty_space height=&#8221;10px&#8221;][\/vc_column_inner][\/vc_row_inner][vc_row_inner row_type=&#8221;row&#8221; type=&#8221;full_width&#8221; text_align=&#8221;left&#8221; css_animation=&#8221;&#8221; el_class=&#8221;.contactbottom&#8221; css=&#8221;.vc_custom_1488925161338{background-color: #ffffff !important;}&#8221;][vc_column_inner][vc_empty_space height=&#8221;10px&#8221;][vc_column_text]<\/p>\n<p style=\"text-align: center; font-size: 13px;\">ALCOHOL ABUSE IS DANGEROUS FOR YOUR HEALTH, CONSUME IN MODERATION<\/p>\n<p style=\"text-align: center; font-size: 11px;\">Copyright \u00a9 2012-2022 Domaine Seguinot-Bordet &#8211; Propri\u00e9taire R\u00e9coltant de Chablis \u00e0 Maligny<\/p>\n<p>[\/vc_column_text][vc_empty_space height=&#8221;10px&#8221;][\/vc_column_inner][\/vc_row_inner][\/vc_column][\/vc_row][vc_row css_animation=&#8221;&#8221; row_type=&#8221;row&#8221; use_row_as_full_screen_section=&#8221;no&#8221; type=&#8221;full_width&#8221; angled_section=&#8221;no&#8221; text_align=&#8221;left&#8221; background_image_as_pattern=&#8221;without_pattern&#8221;][vc_column][vc_empty_space height=&#8221;10px&#8221; css=&#8221;.vc_custom_1488927887841{background-color: #222222 !important;}&#8221;][\/vc_column][\/vc_row]<\/p>\n<\/section>","protected":false},"excerpt":{"rendered":"<p>[vc_row css_animation=&#8221;&#8221; row_type=&#8221;row&#8221; use_row_as_full_screen_section=&#8221;no&#8221; type=&#8221;full_width&#8221; angled_section=&#8221;no&#8221; text_align=&#8221;left&#8221; background_image_as_pattern=&#8221;without_pattern&#8221; padding_top=&#8221;0&#8243; padding_bottom=&#8221;0&#8243; css=&#8221;.vc_custom_1489063174706{background-image: url(https:\/\/www.seguinot-bordet.com\/wp-content\/uploads\/2017\/03\/top-domaine.jpg?id=30) !important;background-position: center !important;background-repeat: no-repeat !important;background-size: cover !important;}&#8221;][vc_column][vc_empty_space height=&#8221;600px&#8221;][\/vc_column][\/vc_row][vc_row css_animation=&#8221;&#8221; row_type=&#8221;row&#8221; use_row_as_full_screen_section=&#8221;no&#8221; type=&#8221;full_width&#8221; angled_section=&#8221;no&#8221; text_align=&#8221;left&#8221; background_image_as_pattern=&#8221;without_pattern&#8221; padding_top=&#8221;0&#8243; padding_bottom=&#8221;0&#8243; transition_delay=&#8221;2500&#8243; el_id=&#8221;chablis&#8221;][vc_column css_animation=&#8221;left-to-right&#8221; width=&#8221;1\/2&#8243; css=&#8221;.vc_custom_1488902210444{padding-top: 40px !important;padding-right: 40px !important;padding-bottom: 40px !important;padding-left: 40px !important;}&#8221;][vc_empty_space height=&#8221;50px&#8221;][vc_column_text] Tradition and&#8230;<\/p>\n","protected":false},"author":1,"featured_media":0,"parent":0,"menu_order":0,"comment_status":"closed","ping_status":"closed","template":"full_width.php","meta":[],"_links":{"self":[{"href":"https:\/\/www.seguinot-bordet.com\/en\/wp-json\/wp\/v2\/pages\/142"}],"collection":[{"href":"https:\/\/www.seguinot-bordet.com\/en\/wp-json\/wp\/v2\/pages"}],"about":[{"href":"https:\/\/www.seguinot-bordet.com\/en\/wp-json\/wp\/v2\/types\/page"}],"author":[{"embeddable":true,"href":"https:\/\/www.seguinot-bordet.com\/en\/wp-json\/wp\/v2\/users\/1"}],"replies":[{"embeddable":true,"href":"https:\/\/www.seguinot-bordet.com\/en\/wp-json\/wp\/v2\/comments?post=142"}],"version-history":[{"count":17,"href":"https:\/\/www.seguinot-bordet.com\/en\/wp-json\/wp\/v2\/pages\/142\/revisions"}],"predecessor-version":[{"id":478,"href":"https:\/\/www.seguinot-bordet.com\/en\/wp-json\/wp\/v2\/pages\/142\/revisions\/478"}],"wp:attachment":[{"href":"https:\/\/www.seguinot-bordet.com\/en\/wp-json\/wp\/v2\/media?parent=142"}],"curies":[{"name":"wp","href":"https:\/\/api.w.org\/{rel}","templated":true}]}}