{"id":146,"date":"2017-03-09T16:19:20","date_gmt":"2017-03-09T15:19:20","guid":{"rendered":"https:\/\/www.seguinot-bordet.com\/?page_id=146\/"},"modified":"2022-11-28T19:59:54","modified_gmt":"2022-11-28T18:59:54","slug":"contact-us","status":"publish","type":"page","link":"https:\/\/www.seguinot-bordet.com\/en\/contact-us\/","title":{"rendered":"Contact us"},"content":{"rendered":"<section class=\"wpb-content-wrapper\"><p>[vc_row css_animation=&#8221;&#8221; row_type=&#8221;row&#8221; use_row_as_full_screen_section=&#8221;no&#8221; type=&#8221;full_width&#8221; angled_section=&#8221;no&#8221; text_align=&#8221;left&#8221; background_image_as_pattern=&#8221;without_pattern&#8221; padding_top=&#8221;0&#8243; padding_bottom=&#8221;0&#8243; css=&#8221;.vc_custom_1489063110173{background-image: url(https:\/\/www.seguinot-bordet.com\/wp-content\/uploads\/2017\/03\/top-contact.jpg?id=29) !important;background-position: center !important;background-repeat: no-repeat !important;background-size: cover !important;}&#8221;][vc_column][vc_empty_space height=&#8221;600px&#8221;][\/vc_column][\/vc_row][vc_row css_animation=&#8221;&#8221; row_type=&#8221;row&#8221; use_row_as_full_screen_section=&#8221;no&#8221; type=&#8221;full_width&#8221; angled_section=&#8221;no&#8221; text_align=&#8221;left&#8221; background_image_as_pattern=&#8221;without_pattern&#8221; padding_top=&#8221;0&#8243; padding_bottom=&#8221;0&#8243; transition_delay=&#8221;2000&#8243; css=&#8221;.vc_custom_1488989916958{background-color: #dbd4c7 !important;}&#8221;][vc_column css_animation=&#8221;left-to-right&#8221; width=&#8221;1\/3&#8243; css=&#8221;.vc_custom_1488989840987{padding-top: 0px !important;padding-right: 40px !important;padding-bottom: 0px !important;padding-left: 40px !important;background-color: #ffffff !important;}&#8221;][vc_empty_space height=&#8221;30px&#8221;][vc_column_text]<\/p>\n<h1 style=\"text-align: center;\">Write us<\/h1>\n<p>[vc_separator type=&#8217;small&#8217; position=&#8217;center&#8217; color=&#8221; thickness=&#8221; up=&#8221; down=&#8221;][\/vc_column_text][vc_empty_space height=&#8221;30px&#8221;]<div role=\"form\" class=\"wpcf7\" id=\"wpcf7-f172-o1\" lang=\"fr-FR\" dir=\"ltr\">\n<div class=\"screen-reader-response\"><p role=\"status\" aria-live=\"polite\" aria-atomic=\"true\"><\/p> <ul><\/ul><\/div>\n<form action=\"\/en\/wp-json\/wp\/v2\/pages\/146#wpcf7-f172-o1\" method=\"post\" class=\"wpcf7-form init cf7_custom_style_1\" novalidate=\"novalidate\" data-status=\"init\">\n<div style=\"display: none;\">\n<input type=\"hidden\" name=\"_wpcf7\" value=\"172\" \/>\n<input type=\"hidden\" name=\"_wpcf7_version\" value=\"5.6.4\" \/>\n<input type=\"hidden\" name=\"_wpcf7_locale\" value=\"fr_FR\" \/>\n<input type=\"hidden\" name=\"_wpcf7_unit_tag\" value=\"wpcf7-f172-o1\" \/>\n<input type=\"hidden\" name=\"_wpcf7_container_post\" value=\"0\" \/>\n<input type=\"hidden\" name=\"_wpcf7_posted_data_hash\" value=\"\" \/>\n<\/div>\n<p><label> Your Name (obligatoire)<br \/>\n    <span class=\"wpcf7-form-control-wrap\" data-name=\"your-name\"><input type=\"text\" name=\"your-name\" value=\"\" size=\"40\" class=\"wpcf7-form-control wpcf7-text wpcf7-validates-as-required\" aria-required=\"true\" aria-invalid=\"false\" \/><\/span> <\/label><\/p>\n<p><label> Your e-mail (obligatoire)<br \/>\n    <span class=\"wpcf7-form-control-wrap\" data-name=\"your-email\"><input type=\"email\" name=\"your-email\" value=\"\" size=\"40\" class=\"wpcf7-form-control wpcf7-text wpcf7-email wpcf7-validates-as-required wpcf7-validates-as-email\" aria-required=\"true\" aria-invalid=\"false\" \/><\/span> <\/label><\/p>\n<p><label> Subjet<br \/>\n    <span class=\"wpcf7-form-control-wrap\" data-name=\"your-subject\"><input type=\"text\" name=\"your-subject\" value=\"\" size=\"40\" class=\"wpcf7-form-control wpcf7-text\" aria-invalid=\"false\" \/><\/span> <\/label><\/p>\n<p><label> Message<br \/>\n    <span class=\"wpcf7-form-control-wrap\" data-name=\"your-message\"><textarea name=\"your-message\" cols=\"40\" rows=\"10\" class=\"wpcf7-form-control wpcf7-textarea\" aria-invalid=\"false\"><\/textarea><\/span> <\/label><\/p>\n<p><label> NoSpam<br \/>\n    <p class=\"cptch_block\"><span class=\"cptch_wrap cptch_math_actions\">\r\n\t\t\t\t<label class=\"cptch_label\" for=\"cptch_input_18\"><span class=\"cptch_span\"><input id=\"cptch_input_18\" class=\"cptch_input cptch_shortcode\" type=\"text\" autocomplete=\"off\" name=\"cptch_number\" value=\"\" maxlength=\"2\" size=\"2\" aria-required=\"true\" required=\"required\" style=\"margin-bottom:0;display:inline;font-size: 12px;width: 40px;\" \/><\/span>\r\n\t\t\t\t\t<span class=\"cptch_span\">&nbsp;&times;&nbsp;<\/span>\r\n\t\t\t\t\t<span class=\"cptch_span\"><img class=\"cptch_img \" src=\"data:image\/png;base64,iVBORw0KGgoAAAANSUhEUgAAAgAAAAIACAMAAADDpiTIAAAAGXRFWHRTb2Z0d2FyZQBBZG9iZSBJbWFnZVJlYWR5ccllPAAAABhQTFRFAAAA\/\/\/\/lpaWzs7OY2Nj5ubmKysr+Pj4K62J6AAAC7NJREFUeNrsnQly5DgMBMH7\/z\/enlnvxtjh8LjdAoUiMn9QYIoidYBWIDVGCRAAEAAQABAAEAAQABAAEAAQABAAEAAQABAAEAAQABAAEAAQABAAEAAQABAAEAAQABAAEAAQABAAEAAQABAAEAAQABAAEAAQABAAEAAQABAAEAAQABAAEAAQABAAEAAQABAAEAAQABAAEAAQABAAEAAQABAAEAAQABAAEAAQABAAEAAQABAAEAAQABAAEAAQABAAEAAQABAAEAAQABAAEAAQABAAEAAQAAIIMFrtfc5pv5iz99rGyQWPlvdWAUbt\/xbiA\/NRlSMHP2De+wQYnxfj\/6Kc5kDQvHbXtfBlNf6ryTjn2o+a9w4B1uj2TfoJ00DovDcI0L5djjMUiJ13uwDjqXL8Lon0jSB63t0CVPsBVXf8w+fdK8CY9iOm6CQgkNfCXw7Ck4BC3o0CrG4v0Jfc4l8ir4WfDlVvAyJ5twnQXqzHoyJSG0KVvLsEaHYBQgbI5DWheggZoJPXlOohY4BQXpOqh4gBSnl3CDDmdQVR2AtI5d0hwIX1eFQk\/vMAqbwbBOh2KT36+Gvl9Reg2sUEfyosltddgGGXE3oZoJbXXYB5fUFmmgXAhrymNiEGvwnI5XUWYEyPgsTdC+rldRagmwthdwJ6eX0FGOZE0AeCgnlN8YIIOwUI5nUVoJmlmgIU85rkBRF0ClDM6ynAMkcCbgQk83oKUD0LEvBZgGReRwHW9CxIvMeBmnkdBWjmSrhloGZeRwG6b0HCLQM18zoKMH0LEu4eoJnXTYA1zJlY+wDVvH4zQPUuSLB9gGhevxmgexck1iJANa\/fDDC9CxLs81DRvG4CuN8Sgy0CVPO6CdD8C9IiTQGqeb0EWNW\/IJFWgbJ53WaA7l+QUKtA1bxuM0AyARYC7F4UB9sGqOaVFqAkE0BqBrANRBJANS8CIAAFQQAKggAUBAEoCAKwLWIbiAAIoPJsPNKTQNW8vAziZZAPyV4HF14Hv2ft+EAi0PjL5pX+JCzSGkA1r99Xwf4fSUa6A8jm9XuY4v+ZdKyvgkXz+s0AyX4MWfwYsvumOGLNAKJ5\/QRYyX4OXfwcuvemyO\/h0QWgQYRCXs9XqslaxBRaxOxcF8drErVoErVzXRywTZxkXhpFJs9Lq9jkeWkWnTyvaV4SQdvFC+blwIjkeSWPjLGwh0fq5eXQqOR5OTYueV4Ojkyel6Njk+fl8OjkeTcIcO2XEjP6+Ivl3fGH7ZV7oznCC6CVd8sv1hc+IGtFAKW8plURifGXymtSFREZf6W8plQRmfEXyrutzUp7eWU0hcZfJ+++Pjuvro0V1v+CeTc2Wnqtn3JfRQyNvFs7bb3wlLQWQRTymsS0qDb9C+U1hYuiFlnC593ebPH5O6Pe3V8p7w3dNttTJemjiBM7r8UuSW9llZJHgf15b+q3O+o3lkezjnIIcfPajZfFlzWZvZWjCJr31o7brX5elNnrYaMfN+\/NLdfXGo+q9PlWlzn7oxZjrXIo8fLa\/SUp79c9545+yLxWIDUIgACAAIAAgACAAIAAgACAAIAAgABn8\/ZeZv75XgYBsgx+sjfRCPBu9P\/ybUYmByzhtZ\/razQE+JM1nvk+EwFO48kvtBsCHHbrf\/ofjYEA55DtrzQEeH\/5J\/svFQEuuPwzTAI5BMjWmwIBrpn+M9wGMgiQrT8VAnwY\/2Qd6hDAYfzPNcAY\/9wGGOOf24DDBcjWqR4BPnDt2Q0LAcTIdloNArwn23lVCPBhAZDsxDoE8FwAqBxZhQB+N4AjbwLnCuBzjvNxe8FzBch2cj0CuK8Aj3wgaEwAuaeAUwVoZkwBmQXofgJ0BIjPMkcGAuR8BnDks4AzBVjTU4CJAImXgKctA88UoPsK0BEgONNXgIkAsVcAw5wZCJB3D3DYPuDIGaB7C9ARIPMS4KjPQ08UwH0JcNIi4EQBmr8AbSFA3CVA9RegMgPkfQx01irwxBkAAZLPANNfgMkaILkAzACRM20AARAAARAAARAAARAAARAAAdgGIgACIEAMdjwK5klgcgGYAQLD6+DcAqwdH4QgQGB2fBLGGiDyFDDZBKQWwH8V2PkqOPQMwI8hyWeAwRIgtwCLn0NzC8Dv4dkFoEFEcgEKLWJyC7BoEpV8BnDdB9AmLvcykEaRyZeBtIrNPQXQLDr5FEC7+NxTAAdGyGwEfJ4FLARQgUOjkgvAsXHZBeDgyOQCcHRsdgE4PDq7ANd+GTILAmTeC86BAHo0HgHmFuA6A84c\/\/MFuMqAQ8c\/gQDXGHDq+GcQoLSXV4Lz2PFPIcDLe4Ez1\/+JBHixf3RfBQHUqTz\/zS3Aj28DJ0\/\/qQT44SRQT69KIgF+sBI4+u6fT4DHhvApBfpIUJJcAjyjQG9lIcCJq8H6jeXgrCNJOfIJ8Hsa+NKB2VueWqQU4JcD9XMJZq8tVSGyCvDYE6zxsKDPNw\/m7I+xH2slK0NeAX4pUN6v89KNfnIBAAEAARAAEAAQABAAEAAQABAAEAAQABAAEAAQABAAEAAQABAAEAAQABAAEAAQ4HXe\/s6Yf\/6dcXLBo+W9VYCR7P+siHnvE2D85Q\/N0xwImtfuuhZy\/aMdN+8dAqzxTJcGfULnvUGAJ\/u0yCsQO+92AcbznZqkbwTR8+4WIFuvtvB59wqQrVujQF4LfzkITwIKeTcKkK1js0ZeCz8dqt4GRPJuEyDbqQ0qeXcJkO3cFpm8JlQPIQN08ppSPWQMEMprUvUQMUAp7w4Bsp3fKpV3hwDXnuAc\/3mAVN4NAmQ7w10rr78A1S4m+FNhsbzuAgy7nNDLALW87gLM6wsy0ywANuQ1tQkx+E1ALq+zAGN6FCTuXlAvr7MA3VwIuxPQy+srwDAngj4QFMxrihdE2ClAMK+rAM0s1RSgmNckL4igU4BiXk8BljkScCMgmddTgOpZkIDPAiTzOgqwpmdB4j0O1MzrKEAzV8ItAzXzOgrQfQsSbhmomddRgOlbkHD3AM28bgKsYc7E2geo5vWbAap3QYLtA0Tz+s0A3bsgsRYBqnn9ZoDpXZBgn4eK5nUTwP2WGGwRoJrXTYDmX5AWaQpQzeslwKr+BYm0CpTN6zYDdP+ChFoFquZ1mwGSCbAQYPeiONg2QDWvtAAlmQBSM4BtIJIAqnkRAAEoCAJQEASgIAhAQRCAbRHbQARAAJVn45GeBKrm5WUQL4N8SPY6uPA6+D1rxwcSgcZfNq\/0J2GR1gCqef2+Cvb\/SDLSHUA2r9\/DFP\/PpGN9FSya128GSPZjyOLHkN03xRFrBhDN6yfASvZz6OLn0L03RX4Pjy4ADSIU8nq+Uk3WIqbQImbnujhek6hFk6id6+KAbeIk89IoMnleWsUmz0uz6OR5TfOSCNouXjAvB0Ykzyt5ZIyFPTxSLy+HRiXPy7FxyfNycGTyvBwdmzwvh0cnz7tBgGu\/lJjRx18s744\/bK\/cG80RXgCtvFt+sb7wAVkrAijlNa2KSIy\/VF6TqojI+CvlNaWKyIy\/UN5tbVbayyujKTT+Onn39dl5dW2ssP4XzLux0dJr\/ZT7KmJo5N3aaeuFp6S1CKKQ1ySmRbXpXyivKVwUtcgSPu\/2ZovP3xn17v5KeW\/ottmeKkkfRZzYeS12SXorq5Q8CuzPe1O\/3VG\/sTyadZRDiJvXbrwsvqzJ7K0cRdC8t3bcbvXzosxeDxv9uHlvbrm+1nhUpc+3uszZH7UYa5VDiZfX7i9Jeb\/uOXf0Q+a1AqlBAAQABAAEAAQABAAEAAQABAAEAAQABAAEAAQABAAEAAQABAAEAAQABAAEAAQABAAEAAQABAAEAAQABAAEAAQABAAEAAQABAAEAAQABAAEAAQABAAEAAQABAAEAAQABAAEAAQABAAEAAQABAAEAAQABAAEAAQABAAEAAQABAAEAAQABAAEAAQABAAEAAQABAAEAAQABAAEAAQABAAEAAQABAAEAAQABAAEAAQABEAAyMw\/AgwAB8B+Vm3S0gUAAAAASUVORK5CYII=\" alt=\"image\"\/><\/span>\r\n\t\t\t\t\t<span class=\"cptch_span\">&nbsp;=&nbsp;<\/span>\r\n\t\t\t\t\t<span class=\"cptch_span\">t&#119;enty<\/span>\r\n\t\t\t\t\t<input type=\"hidden\" name=\"cptch_result\" value=\"udw=\" \/><input type=\"hidden\" name=\"cptch_time\" value=\"1777557086\" \/>\r\n\t\t\t\t\t<input type=\"hidden\" name=\"cptch_form\" value=\"general\" \/>\r\n\t\t\t\t<\/label><span class=\"cptch_reload_button_wrap hide-if-no-js\">\r\n\t\t\t\t\t<noscript>\r\n\t\t\t\t\t\t<style type=\"text\/css\">\r\n\t\t\t\t\t\t\t.hide-if-no-js {\r\n\t\t\t\t\t\t\t\tdisplay: none !important;\r\n\t\t\t\t\t\t\t}\r\n\t\t\t\t\t\t<\/style>\r\n\t\t\t\t\t<\/noscript>\r\n\t\t\t\t\t<span class=\"cptch_reload_button dashicons dashicons-update\"><\/span>\r\n\t\t\t\t<\/span><\/span><\/p> <\/label><\/p>\n<p><input type=\"submit\" value=\"Send\" class=\"wpcf7-form-control has-spinner wpcf7-submit\" \/><\/p>\n<div class=\"wpcf7-response-output\" aria-hidden=\"true\"><\/div><\/form><\/div>[vc_empty_space][\/vc_column][vc_column css_animation=&#8221;right-to-left&#8221; width=&#8221;2\/3&#8243; css=&#8221;.vc_custom_1488989973727{margin-top: 0px !important;margin-right: 0px !important;margin-bottom: 0px !important;margin-left: 0px !important;border-top-width: 0px !important;border-right-width: 0px !important;border-bottom-width: 0px !important;border-left-width: 0px !important;padding-top: 0px !important;padding-right: 0px !important;padding-bottom: 0px !important;padding-left: 0px !important;background-position: center !important;background-repeat: no-repeat !important;background-size: cover !important;}&#8221; offset=&#8221;vc_hidden-sm vc_hidden-xs&#8221;][vc_empty_space height=&#8221;30px&#8221;][vc_column_text]<\/p>\n<h1 style=\"text-align: center;\">Visit us<\/h1>\n<p>[vc_separator type=&#8217;small&#8217; position=&#8217;center&#8217; color=&#8217;#fff&#8217; thickness=&#8221; up=&#8221; down=&#8221;][\/vc_column_text][vc_empty_space height=&#8221;50px&#8221;][vc_gmaps link=&#8221;#E-8_JTNDaWZyYW1lJTIwc3JjJTNEJTIyaHR0cHMlM0ElMkYlMkZ3d3cuZ29vZ2xlLmNvbSUyRm1hcHMlMkZlbWJlZCUzRnBiJTNEJTIxMW0xNCUyMTFtOCUyMTFtMyUyMTFkMzQyNTA1LjM0MTUwNjUxNDUlMjEyZDMuNDg3MDAyOTMwMzA1OTk1MyUyMTNkNDcuODgxNzU0NDIzODIxODUlMjEzbTIlMjExaTEwMjQlMjEyaTc2OCUyMTRmMTMuMSUyMTNtMyUyMTFtMiUyMTFzMHgwJTI1M0EweDQ4ZTljY2U1MWIyYTM1YWElMjEyc0RvbWFpbmUlMkJTZWd1aW5vdCUyQkJvcmRldCUyMTVlMCUyMTNtMiUyMTFzZnIlMjEyc2ZyJTIxNHYxNDg4OTg0NDA0MzU5JTIyJTIwd2lkdGglM0QlMjI4MDAlMjIlMjBoZWlnaHQlM0QlMjI3MDAlMjIlMjBmcmFtZWJvcmRlciUzRCUyMjAlMjIlMjBzdHlsZSUzRCUyMmJvcmRlciUzQTAlMjIlMjBhbGxvd2Z1bGxzY3JlZW4lM0UlM0MlMkZpZnJhbWUlM0U=&#8221; size=&#8221;&#8221; css=&#8221;.vc_custom_1488990057268{padding-right: 10% !important;padding-left: 10% !important;}&#8221;][vc_empty_space][\/vc_column][\/vc_row][vc_row row_type=&#8221;parallax&#8221; parallax_content_width=&#8221;full_width&#8221; text_align=&#8221;left&#8221; background_image=&#8221;19&#8243; full_screen_section_height=&#8221;no&#8221;][vc_column][vc_row_inner row_type=&#8221;row&#8221; type=&#8221;full_width&#8221; text_align=&#8221;left&#8221; css_animation=&#8221;element_from_fade&#8221; transition_delay=&#8221;500&#8243; el_class=&#8221;.contacttop&#8221;][vc_column_inner width=&#8221;1\/3&#8243;][vc_empty_space height=&#8221;10px&#8221;][\/vc_column_inner][vc_column_inner width=&#8221;1\/3&#8243; css=&#8221;.vc_custom_1488924767306{background-color: #ffffff !important;}&#8221;][vc_single_image image=&#8221;11&#8243; img_size=&#8221;full&#8221; alignment=&#8221;center&#8221; qode_css_animation=&#8221;&#8221; css=&#8221;.vc_custom_1489062366260{padding-right: 10% !important;padding-left: 10% !important;}&#8221;][vc_empty_space height=&#8221;10px&#8221;][vc_separator type=&#8221;small&#8221; position=&#8221;center&#8221;][vc_empty_space height=&#8221;10px&#8221;][vc_column_text]<\/p>\n<p style=\"text-align: center;\">8, Chemin Des H\u00e2tes<br \/>\n89800 MALIGNY<br \/>\nCHABLIS \u2013 FRANCE<\/p>\n<p>[\/vc_column_text][vc_empty_space height=&#8221;10px&#8221;]<span data-type=\"normal\"  class=\"qode_icon_shortcode  q_font_awsome_icon fa-2x pull-center \" style=\" \"><i class=\"qode_icon_font_awesome fa fa-phone qode_icon_element\" style=\"color: #222222;\" ><\/i><\/span><div class=\"q_counter_holder  center\" style=\"\"><span class=\"counter  random\" style=\"\">+33.386.474.442<\/span><\/div>[vc_empty_space height=&#8221;10px&#8221;]<span data-type=\"normal\"  class=\"qode_icon_shortcode  q_font_awsome_icon fa-2x pull-center \" style=\" \"><a  itemprop=\"url\" href=\"https:\/\/www.facebook.com\/Domaine-S\u00e9guinot-Bordet-826227187423765\/\" target=\"_blank\"><i class=\"qode_icon_font_awesome fa fa-facebook qode_icon_element\" style=\"color: #004089;\" ><\/i><\/a><\/span>[vc_empty_space height=&#8221;10px&#8221;][vc_separator type=&#8221;small&#8221; position=&#8221;center&#8221;][vc_empty_space height=&#8221;10px&#8221;][vc_column_text]<\/p>\n<header>\n<h3 class=\"widget-title\" style=\"text-align: center;\"><span style=\"text-decoration: underline;\">GPS<\/span><\/h3>\n<p>&nbsp;<\/p>\n<\/header>\n<p>[\/vc_column_text]<div class=\"q_counter_holder  center\" style=\"\"><span class=\"counter  random\" style=\"\">N47\u00b052.258\u2032<\/span><\/div>[vc_empty_space height=&#8221;1px&#8221;]<div class=\"q_counter_holder  center\" style=\"\"><span class=\"counter  random\" style=\"\">E003\u00b046.212\u2032<\/span><\/div>[vc_empty_space height=&#8221;1px&#8221;][vc_separator type=&#8221;small&#8221; position=&#8221;center&#8221;][vc_empty_space height=&#8221;10px&#8221;][vc_column_text]<\/p>\n<header>\n<h3 class=\"widget-title\" style=\"text-align: center;\"><span style=\"text-decoration: underline;\">Opening Hours<\/span><\/h3>\n<p>&nbsp;<\/p>\n<\/header>\n<div class=\"textwidget\">\n<p style=\"text-align: center;\"><strong>From Monday to Friday<\/strong>\u00a0:<br \/>\nFrom 8 H to 12 H<br \/>\n&amp; 13 H 30 to 17 H 30<br \/>\n<strong>Saturday<\/strong>\u00a0:<br \/>\nBy Appointment only<\/p>\n<\/div>\n<p>[\/vc_column_text][vc_empty_space height=&#8221;10px&#8221;][vc_separator type=&#8221;small&#8221; position=&#8221;center&#8221;][vc_empty_space height=&#8221;10px&#8221;][vc_column_text]<\/p>\n<header>\n<h3 class=\"widget-title\" style=\"text-align: center;\"><span style=\"text-decoration: underline;\">Annual Closure<\/span><\/h3>\n<p>&nbsp;<\/p>\n<\/header>\n<div class=\"textwidget\">\n<p style=\"text-align: center;\"><strong>Summer<\/strong>\u00a0:<br \/>\nFrom August 14 to September 3<\/p>\n<p style=\"text-align: center;\"><strong>Winter<\/strong>\u00a0:<br \/>\nFrom December 23 to January 3<\/p>\n<\/div>\n<p>[\/vc_column_text][vc_empty_space height=&#8221;10px&#8221;][vc_separator type=&#8221;small&#8221; position=&#8221;center&#8221;][vc_empty_space height=&#8221;10px&#8221;][\/vc_column_inner][vc_column_inner width=&#8221;1\/3&#8243;][vc_empty_space height=&#8221;10px&#8221;][\/vc_column_inner][\/vc_row_inner][vc_row_inner row_type=&#8221;row&#8221; type=&#8221;full_width&#8221; text_align=&#8221;left&#8221; css_animation=&#8221;&#8221; el_class=&#8221;.contactbottom&#8221; css=&#8221;.vc_custom_1488925161338{background-color: #ffffff !important;}&#8221;][vc_column_inner][vc_empty_space height=&#8221;10px&#8221;][vc_column_text]<\/p>\n<p style=\"text-align: center; font-size: 13px;\">ALCOHOL ABUSE IS DANGEROUS FOR YOUR HEALTH, CONSUME IN MODERATION<\/p>\n<p style=\"text-align: center; font-size: 11px;\">Copyright \u00a9 2012-2022 Domaine Seguinot-Bordet &#8211; Propri\u00e9taire R\u00e9coltant de Chablis \u00e0 Maligny<\/p>\n<p>[\/vc_column_text][vc_empty_space height=&#8221;10px&#8221;][\/vc_column_inner][\/vc_row_inner][\/vc_column][\/vc_row][vc_row css_animation=&#8221;&#8221; row_type=&#8221;row&#8221; use_row_as_full_screen_section=&#8221;no&#8221; type=&#8221;full_width&#8221; angled_section=&#8221;no&#8221; text_align=&#8221;left&#8221; background_image_as_pattern=&#8221;without_pattern&#8221;][vc_column][vc_empty_space height=&#8221;10px&#8221; css=&#8221;.vc_custom_1488927887841{background-color: #222222 !important;}&#8221;][\/vc_column][\/vc_row]<\/p>\n<\/section>","protected":false},"excerpt":{"rendered":"<p>[vc_row css_animation=&#8221;&#8221; row_type=&#8221;row&#8221; use_row_as_full_screen_section=&#8221;no&#8221; type=&#8221;full_width&#8221; angled_section=&#8221;no&#8221; text_align=&#8221;left&#8221; background_image_as_pattern=&#8221;without_pattern&#8221; padding_top=&#8221;0&#8243; padding_bottom=&#8221;0&#8243; css=&#8221;.vc_custom_1489063110173{background-image: url(https:\/\/www.seguinot-bordet.com\/wp-content\/uploads\/2017\/03\/top-contact.jpg?id=29) !important;background-position: center !important;background-repeat: no-repeat !important;background-size: cover !important;}&#8221;][vc_column][vc_empty_space height=&#8221;600px&#8221;][\/vc_column][\/vc_row][vc_row css_animation=&#8221;&#8221; row_type=&#8221;row&#8221; use_row_as_full_screen_section=&#8221;no&#8221; type=&#8221;full_width&#8221; angled_section=&#8221;no&#8221; text_align=&#8221;left&#8221; background_image_as_pattern=&#8221;without_pattern&#8221; padding_top=&#8221;0&#8243; padding_bottom=&#8221;0&#8243; transition_delay=&#8221;2000&#8243; css=&#8221;.vc_custom_1488989916958{background-color: #dbd4c7 !important;}&#8221;][vc_column css_animation=&#8221;left-to-right&#8221; width=&#8221;1\/3&#8243; css=&#8221;.vc_custom_1488989840987{padding-top: 0px !important;padding-right: 40px !important;padding-bottom: 0px !important;padding-left: 40px !important;background-color: #ffffff&#8230;<\/p>\n","protected":false},"author":1,"featured_media":0,"parent":0,"menu_order":0,"comment_status":"closed","ping_status":"closed","template":"full_width.php","meta":[],"_links":{"self":[{"href":"https:\/\/www.seguinot-bordet.com\/en\/wp-json\/wp\/v2\/pages\/146"}],"collection":[{"href":"https:\/\/www.seguinot-bordet.com\/en\/wp-json\/wp\/v2\/pages"}],"about":[{"href":"https:\/\/www.seguinot-bordet.com\/en\/wp-json\/wp\/v2\/types\/page"}],"author":[{"embeddable":true,"href":"https:\/\/www.seguinot-bordet.com\/en\/wp-json\/wp\/v2\/users\/1"}],"replies":[{"embeddable":true,"href":"https:\/\/www.seguinot-bordet.com\/en\/wp-json\/wp\/v2\/comments?post=146"}],"version-history":[{"count":6,"href":"https:\/\/www.seguinot-bordet.com\/en\/wp-json\/wp\/v2\/pages\/146\/revisions"}],"predecessor-version":[{"id":474,"href":"https:\/\/www.seguinot-bordet.com\/en\/wp-json\/wp\/v2\/pages\/146\/revisions\/474"}],"wp:attachment":[{"href":"https:\/\/www.seguinot-bordet.com\/en\/wp-json\/wp\/v2\/media?parent=146"}],"curies":[{"name":"wp","href":"https:\/\/api.w.org\/{rel}","templated":true}]}}