{"id":148,"date":"2017-03-09T16:20:14","date_gmt":"2017-03-09T15:20:14","guid":{"rendered":"https:\/\/www.seguinot-bordet.com\/?page_id=148\/"},"modified":"2022-11-28T20:02:51","modified_gmt":"2022-11-28T19:02:51","slug":"pictures-gallery","status":"publish","type":"page","link":"https:\/\/www.seguinot-bordet.com\/en\/pictures-gallery\/","title":{"rendered":"Pictures Gallery"},"content":{"rendered":"<section class=\"wpb-content-wrapper\"><p>[vc_row css_animation=&#8221;&#8221; row_type=&#8221;row&#8221; use_row_as_full_screen_section=&#8221;no&#8221; type=&#8221;full_width&#8221; angled_section=&#8221;no&#8221; text_align=&#8221;left&#8221; background_image_as_pattern=&#8221;without_pattern&#8221; padding_top=&#8221;0&#8243; padding_bottom=&#8221;0&#8243; css=&#8221;.vc_custom_1489063748533{background-image: url(https:\/\/www.seguinot-bordet.com\/wp-content\/uploads\/2017\/03\/top-contact.jpg?id=29) !important;background-position: center !important;background-repeat: no-repeat !important;background-size: cover !important;}&#8221;][vc_column][vc_empty_space height=&#8221;600px&#8221;][\/vc_column][\/vc_row][vc_row css_animation=&#8221;element_from_bottom&#8221; row_type=&#8221;row&#8221; use_row_as_full_screen_section=&#8221;no&#8221; type=&#8221;full_width&#8221; angled_section=&#8221;no&#8221; text_align=&#8221;left&#8221; background_image_as_pattern=&#8221;without_pattern&#8221; padding_top=&#8221;0&#8243; padding_bottom=&#8221;0&#8243; transition_delay=&#8221;2000&#8243; css=&#8221;.vc_custom_1489004864754{background-color: #dbd4c7 !important;}&#8221;][vc_column css_animation=&#8221;none&#8221;][vc_gallery type=&#8221;image_grid&#8221; images=&#8221;56,57,58,59,60,61,62,63,64,65,70,71,72,73,74,75,76,77,78,79,80,81,82,83,84,85,86,87,90,91,92,93,94,95,99,100,101,102,103,104,105,106,108,109,110&#8243; column_number=&#8221;5&#8243; grayscale=&#8221;no&#8221; images_space=&#8221;gallery_without_space&#8221;][\/vc_column][\/vc_row][vc_row css_animation=&#8221;&#8221; row_type=&#8221;row&#8221; use_row_as_full_screen_section=&#8221;no&#8221; type=&#8221;full_width&#8221; angled_section=&#8221;no&#8221; text_align=&#8221;left&#8221; background_image_as_pattern=&#8221;without_pattern&#8221; padding_top=&#8221;0&#8243; padding_bottom=&#8221;0&#8243; transition_delay=&#8221;5000&#8243; css=&#8221;.vc_custom_1488911335011{background-color: #dbd4c7 !important;}&#8221;][vc_column css_animation=&#8221;right-to-left&#8221; css=&#8221;.vc_custom_1488902225710{padding-top: 40px !important;padding-right: 40px !important;padding-bottom: 40px !important;padding-left: 40px !important;}&#8221;][vc_empty_space height=&#8221;50px&#8221;][vc_column_text]<\/p>\n<h1 style=\"text-align: center; color: #111;\">Zoom\u00a0on the work of the vineyard with the horse<\/h1>\n<p>[vc_separator type=&#8217;small&#8217; position=&#8217;center&#8217; color=&#8217;#eee&#8217; thickness=&#8221; up=&#8221; down=&#8221;][\/vc_column_text][vc_empty_space height=&#8221;10px&#8221;][vc_gallery type=&#8221;image_grid&#8221; images=&#8221;180,181,182,183,184,185,186,187,188,189&#8243; column_number=&#8221;5&#8243; grayscale=&#8221;no&#8221; images_space=&#8221;gallery_without_space&#8221;][\/vc_column][\/vc_row][vc_row row_type=&#8221;parallax&#8221; parallax_content_width=&#8221;full_width&#8221; text_align=&#8221;left&#8221; background_image=&#8221;19&#8243; full_screen_section_height=&#8221;no&#8221;][vc_column][vc_row_inner row_type=&#8221;row&#8221; type=&#8221;full_width&#8221; text_align=&#8221;left&#8221; css_animation=&#8221;element_from_fade&#8221; transition_delay=&#8221;500&#8243; el_class=&#8221;.contacttop&#8221;][vc_column_inner width=&#8221;1\/3&#8243;][vc_empty_space height=&#8221;10px&#8221;][\/vc_column_inner][vc_column_inner width=&#8221;1\/3&#8243; css=&#8221;.vc_custom_1488924767306{background-color: #ffffff !important;}&#8221;][vc_single_image image=&#8221;11&#8243; img_size=&#8221;full&#8221; alignment=&#8221;center&#8221; qode_css_animation=&#8221;&#8221; css=&#8221;.vc_custom_1489062366260{padding-right: 10% !important;padding-left: 10% !important;}&#8221;][vc_empty_space height=&#8221;10px&#8221;][vc_separator type=&#8221;small&#8221; position=&#8221;center&#8221;][vc_empty_space height=&#8221;10px&#8221;][vc_column_text]<\/p>\n<p style=\"text-align: center;\">8, Chemin Des H\u00e2tes<br \/>\n89800 MALIGNY<br \/>\nCHABLIS \u2013 FRANCE<\/p>\n<p>[\/vc_column_text][vc_empty_space height=&#8221;10px&#8221;]<span data-type=\"normal\"  class=\"qode_icon_shortcode  q_font_awsome_icon fa-2x pull-center \" style=\" \"><i class=\"qode_icon_font_awesome fa fa-phone qode_icon_element\" style=\"color: #222222;\" ><\/i><\/span><div class=\"q_counter_holder  center\" style=\"\"><span class=\"counter  random\" style=\"\">+33.386.474.442<\/span><\/div>[vc_empty_space height=&#8221;10px&#8221;]<span data-type=\"normal\"  class=\"qode_icon_shortcode  q_font_awsome_icon fa-2x pull-center \" style=\" \"><a  itemprop=\"url\" href=\"https:\/\/www.facebook.com\/Domaine-S\u00e9guinot-Bordet-826227187423765\/\" target=\"_blank\"><i class=\"qode_icon_font_awesome fa fa-facebook qode_icon_element\" style=\"color: #004089;\" ><\/i><\/a><\/span>[vc_empty_space height=&#8221;10px&#8221;][vc_separator type=&#8221;small&#8221; position=&#8221;center&#8221;][vc_empty_space height=&#8221;10px&#8221;][vc_column_text]<\/p>\n<header>\n<h3 class=\"widget-title\" style=\"text-align: center;\"><span style=\"text-decoration: underline;\">GPS<\/span><\/h3>\n<p>&nbsp;<\/p>\n<\/header>\n<p>[\/vc_column_text]<div class=\"q_counter_holder  center\" style=\"\"><span class=\"counter  random\" style=\"\">N47\u00b052.258\u2032<\/span><\/div>[vc_empty_space height=&#8221;1px&#8221;]<div class=\"q_counter_holder  center\" style=\"\"><span class=\"counter  random\" style=\"\">E003\u00b046.212\u2032<\/span><\/div>[vc_empty_space height=&#8221;1px&#8221;][vc_separator type=&#8221;small&#8221; position=&#8221;center&#8221;][vc_empty_space height=&#8221;10px&#8221;][vc_column_text]<\/p>\n<header>\n<h3 class=\"widget-title\" style=\"text-align: center;\"><span style=\"text-decoration: underline;\">Opening Hours<\/span><\/h3>\n<p>&nbsp;<\/p>\n<\/header>\n<div class=\"textwidget\">\n<p style=\"text-align: center;\"><strong>From Monday to Friday<\/strong>\u00a0:<br \/>\nFrom 8 H to 12 H<br \/>\n&amp; 13 H 30 to 17 H 30<br \/>\n<strong>Saturday<\/strong>\u00a0:<br \/>\nBy Appointment only<\/p>\n<\/div>\n<p>[\/vc_column_text][vc_empty_space height=&#8221;10px&#8221;][vc_separator type=&#8221;small&#8221; position=&#8221;center&#8221;][vc_empty_space height=&#8221;10px&#8221;][vc_column_text]<\/p>\n<header>\n<h3 class=\"widget-title\" style=\"text-align: center;\"><span style=\"text-decoration: underline;\">Annual Closure<\/span><\/h3>\n<p>&nbsp;<\/p>\n<\/header>\n<div class=\"textwidget\">\n<p style=\"text-align: center;\"><strong>Summer<\/strong>\u00a0:<br \/>\nFrom August 14 to September 3<\/p>\n<p style=\"text-align: center;\"><strong>Winter<\/strong>\u00a0:<br \/>\nFrom December 23 to January 3<\/p>\n<\/div>\n<p>[\/vc_column_text][vc_empty_space height=&#8221;10px&#8221;][vc_separator type=&#8221;small&#8221; position=&#8221;center&#8221;][vc_empty_space height=&#8221;10px&#8221;][\/vc_column_inner][vc_column_inner width=&#8221;1\/3&#8243;][vc_empty_space height=&#8221;10px&#8221;][\/vc_column_inner][\/vc_row_inner][vc_row_inner row_type=&#8221;row&#8221; type=&#8221;full_width&#8221; text_align=&#8221;left&#8221; css_animation=&#8221;&#8221; el_class=&#8221;.contactbottom&#8221; css=&#8221;.vc_custom_1488925161338{background-color: #ffffff !important;}&#8221;][vc_column_inner][vc_empty_space height=&#8221;10px&#8221;][vc_column_text]<\/p>\n<p style=\"text-align: center; font-size: 13px;\">ALCOHOL ABUSE IS DANGEROUS FOR YOUR HEALTH, CONSUME IN MODERATION<\/p>\n<p style=\"text-align: center; font-size: 11px;\">Copyright \u00a9 2012-2022 Domaine Seguinot-Bordet &#8211; Propri\u00e9taire R\u00e9coltant de Chablis \u00e0 Maligny<\/p>\n<p>[\/vc_column_text][vc_empty_space height=&#8221;10px&#8221;][\/vc_column_inner][\/vc_row_inner][\/vc_column][\/vc_row][vc_row css_animation=&#8221;&#8221; row_type=&#8221;row&#8221; use_row_as_full_screen_section=&#8221;no&#8221; type=&#8221;full_width&#8221; angled_section=&#8221;no&#8221; text_align=&#8221;left&#8221; background_image_as_pattern=&#8221;without_pattern&#8221;][vc_column][vc_empty_space height=&#8221;10px&#8221; css=&#8221;.vc_custom_1488927887841{background-color: #222222 !important;}&#8221;][\/vc_column][\/vc_row]<\/p>\n<\/section>","protected":false},"excerpt":{"rendered":"<p>[vc_row css_animation=&#8221;&#8221; row_type=&#8221;row&#8221; use_row_as_full_screen_section=&#8221;no&#8221; type=&#8221;full_width&#8221; angled_section=&#8221;no&#8221; text_align=&#8221;left&#8221; background_image_as_pattern=&#8221;without_pattern&#8221; padding_top=&#8221;0&#8243; padding_bottom=&#8221;0&#8243; css=&#8221;.vc_custom_1489063748533{background-image: url(https:\/\/www.seguinot-bordet.com\/wp-content\/uploads\/2017\/03\/top-contact.jpg?id=29) !important;background-position: center !important;background-repeat: no-repeat !important;background-size: cover !important;}&#8221;][vc_column][vc_empty_space height=&#8221;600px&#8221;][\/vc_column][\/vc_row][vc_row css_animation=&#8221;element_from_bottom&#8221; row_type=&#8221;row&#8221; use_row_as_full_screen_section=&#8221;no&#8221; type=&#8221;full_width&#8221; angled_section=&#8221;no&#8221; text_align=&#8221;left&#8221; background_image_as_pattern=&#8221;without_pattern&#8221; padding_top=&#8221;0&#8243; padding_bottom=&#8221;0&#8243; transition_delay=&#8221;2000&#8243; css=&#8221;.vc_custom_1489004864754{background-color: #dbd4c7 !important;}&#8221;][vc_column css_animation=&#8221;none&#8221;][vc_gallery type=&#8221;image_grid&#8221; images=&#8221;56,57,58,59,60,61,62,63,64,65,70,71,72,73,74,75,76,77,78,79,80,81,82,83,84,85,86,87,90,91,92,93,94,95,99,100,101,102,103,104,105,106,108,109,110&#8243; column_number=&#8221;5&#8243; grayscale=&#8221;no&#8221; images_space=&#8221;gallery_without_space&#8221;][\/vc_column][\/vc_row][vc_row css_animation=&#8221;&#8221; row_type=&#8221;row&#8221; use_row_as_full_screen_section=&#8221;no&#8221; type=&#8221;full_width&#8221; angled_section=&#8221;no&#8221; text_align=&#8221;left&#8221;&#8230;<\/p>\n","protected":false},"author":1,"featured_media":0,"parent":0,"menu_order":0,"comment_status":"closed","ping_status":"closed","template":"full_width.php","meta":[],"_links":{"self":[{"href":"https:\/\/www.seguinot-bordet.com\/en\/wp-json\/wp\/v2\/pages\/148"}],"collection":[{"href":"https:\/\/www.seguinot-bordet.com\/en\/wp-json\/wp\/v2\/pages"}],"about":[{"href":"https:\/\/www.seguinot-bordet.com\/en\/wp-json\/wp\/v2\/types\/page"}],"author":[{"embeddable":true,"href":"https:\/\/www.seguinot-bordet.com\/en\/wp-json\/wp\/v2\/users\/1"}],"replies":[{"embeddable":true,"href":"https:\/\/www.seguinot-bordet.com\/en\/wp-json\/wp\/v2\/comments?post=148"}],"version-history":[{"count":7,"href":"https:\/\/www.seguinot-bordet.com\/en\/wp-json\/wp\/v2\/pages\/148\/revisions"}],"predecessor-version":[{"id":477,"href":"https:\/\/www.seguinot-bordet.com\/en\/wp-json\/wp\/v2\/pages\/148\/revisions\/477"}],"wp:attachment":[{"href":"https:\/\/www.seguinot-bordet.com\/en\/wp-json\/wp\/v2\/media?parent=148"}],"curies":[{"name":"wp","href":"https:\/\/api.w.org\/{rel}","templated":true}]}}